{"id":71,"date":"2026-03-11T15:23:55","date_gmt":"2026-03-11T15:23:55","guid":{"rendered":"https:\/\/pdf-formulare-barrierefrei.de\/wp\/?page_id=71"},"modified":"2026-03-26T09:49:41","modified_gmt":"2026-03-26T09:49:41","slug":"ueber-uns","status":"publish","type":"page","link":"https:\/\/pdf-formulare-barrierefrei.de\/wp\/ueber-uns\/","title":{"rendered":"\u00dcber uns"},"content":{"rendered":"<div class=\"et_pb_section_0 et_pb_section et_section_regular et_flex_section\">\n<div class=\"et_pb_row_0 et_pb_row et_flex_row\">\n<div class=\"et_pb_column_0 et_pb_column et-last-child et_flex_column et_pb_css_mix_blend_mode_passthrough et_flex_column_24_24 et_flex_column_24_24_tablet et_flex_column_24_24_phone\">\n<div class=\"et_pb_heading_0 et_pb_heading et_pb_module et_flex_module\"><div class=\"et_pb_heading_container\"><h1 class=\"et_pb_module_header\">Barrierefreie PDFs \u2013 verst\u00e4ndlich, pr\u00fcfbar, rechtskonform. Wir machen Ihre Dokumente fit f\u00fcr die neuen gesetzlichen Anforderungen.<\/h1><\/div><\/div>\n\n<div class=\"et_pb_text_0 et_pb_text et_pb_bg_layout_light et_pb_module et_flex_module\"><div class=\"et_pb_text_inner\"><p style=\"font-weight: 400;\">Wir sind ein Team unter dem Dach der vidiART, \u00a0<span class=\"copyright\">Design, Kommunikation und Beratung e.K. und sind seit vielen Jahren in den Bereichen Web- und Print unterwegs. Im Rahmen unserer Arbeit kamen wir schon fr\u00fch mit dem Thema Barrierefreiheit in Ber\u00fchrung. Zun\u00e4chst im Bereich Web-Design und sp\u00e4ter zunehmend auch im Bereich der PDF-Dokumente und Formulare.\u00a0<\/span><\/p>\n<\/div><\/div>\n<\/div>\n<\/div>\n<\/div>\n\n<div class=\"et_pb_section_1 et_pb_section et_section_regular et_flex_section\">\n<div class=\"et_pb_row_1 et_pb_row et_flex_row\">\n<div class=\"et_pb_column_1 et_pb_column et_flex_column et_pb_css_mix_blend_mode_passthrough et_flex_column_12_24 et_flex_column_12_24_tablet et_flex_column_24_24_phone\">\n<div class=\"et_pb_team_member_0 et_pb_team_member et_pb_bg_layout_light et_pb_module et_flex_module\"><div class=\"et_pb_team_member_image et-waypoint et_pb_animation_off\"><img decoding=\"async\" src=\"https:\/\/pdf-formulare-barrierefrei.de\/wp\/wp-content\/uploads\/2026\/03\/AndreaRuehl-barrierefreiepdfformulare.jpg\" alt=\"Andrea R\u00fchl\" width=\"410\" height=\"538\" srcset=\"https:\/\/pdf-formulare-barrierefrei.de\/wp\/wp-content\/uploads\/2026\/03\/AndreaRuehl-barrierefreiepdfformulare.jpg 410w, https:\/\/pdf-formulare-barrierefrei.de\/wp\/wp-content\/uploads\/2026\/03\/AndreaRuehl-barrierefreiepdfformulare-229x300.jpg 229w\" sizes=\"(max-width: 410px) 100vw, 410px\" class=\"wp-image-221\" title=\"AndreaRuehl-barrierefreiepdfformulare\" \/><\/div><div class=\"et_pb_team_member_description\"><h4 class=\"et_pb_module_header\">Andrea R\u00fchl<\/h4><p class=\"et_pb_member_position\">Inhaberin | Design<\/p><div class=\"et_pb_team_member_description_content\"><p>Grafik-Designerin und Erfahrung in Web- und Print-Design. \u00a0<\/p>\n<\/div><\/div><\/div>\n<\/div>\n\n<div class=\"et_pb_column_2 et_pb_column et-last-child et_flex_column et_pb_css_mix_blend_mode_passthrough et_flex_column_12_24 et_flex_column_12_24_tablet et_flex_column_24_24_phone\">\n<div class=\"et_pb_team_member_1 et_pb_team_member et_pb_bg_layout_light et_pb_module et_flex_module\"><div class=\"et_pb_team_member_image et-waypoint et_pb_animation_off\"><img decoding=\"async\" src=\"https:\/\/pdf-formulare-barrierefrei.de\/wp\/wp-content\/uploads\/2026\/03\/Armin.jpg\" alt=\"Armin R\u00fchl\" width=\"410\" height=\"538\" srcset=\"https:\/\/pdf-formulare-barrierefrei.de\/wp\/wp-content\/uploads\/2026\/03\/Armin.jpg 410w, https:\/\/pdf-formulare-barrierefrei.de\/wp\/wp-content\/uploads\/2026\/03\/Armin-229x300.jpg 229w\" sizes=\"(max-width: 410px) 100vw, 410px\" class=\"wp-image-211\" title=\"Armin R\u00fchl\" \/><\/div><div class=\"et_pb_team_member_description\"><h4 class=\"et_pb_module_header\">Armin R\u00fchl<\/h4><p class=\"et_pb_member_position\">Programmierung<\/p><div class=\"et_pb_team_member_description_content\"><p>Ich bin Experte f\u00fcr barrierefreie Dokumente und unterst\u00fctze Unternehmen sowie Beh\u00f6rden dabei, ihre PDF-Dokumente und Formulare f\u00fcr alle Menschen zug\u00e4nglich zu gestalten \u2013 unabh\u00e4ngig von Einschr\u00e4nkungen oder verwendeter Technologie.\u00a0<\/p>\n<\/div><\/div><\/div>\n<\/div>\n<\/div>\n<\/div>","protected":false},"excerpt":{"rendered":"","protected":false},"author":1,"featured_media":0,"parent":0,"menu_order":0,"comment_status":"closed","ping_status":"closed","template":"","meta":{"footnotes":""},"class_list":["post-71","page","type-page","status-publish","hentry"],"_links":{"self":[{"href":"https:\/\/pdf-formulare-barrierefrei.de\/wp\/wp-json\/wp\/v2\/pages\/71","targetHints":{"allow":["GET"]}}],"collection":[{"href":"https:\/\/pdf-formulare-barrierefrei.de\/wp\/wp-json\/wp\/v2\/pages"}],"about":[{"href":"https:\/\/pdf-formulare-barrierefrei.de\/wp\/wp-json\/wp\/v2\/types\/page"}],"author":[{"embeddable":true,"href":"https:\/\/pdf-formulare-barrierefrei.de\/wp\/wp-json\/wp\/v2\/users\/1"}],"replies":[{"embeddable":true,"href":"https:\/\/pdf-formulare-barrierefrei.de\/wp\/wp-json\/wp\/v2\/comments?post=71"}],"version-history":[{"count":9,"href":"https:\/\/pdf-formulare-barrierefrei.de\/wp\/wp-json\/wp\/v2\/pages\/71\/revisions"}],"predecessor-version":[{"id":222,"href":"https:\/\/pdf-formulare-barrierefrei.de\/wp\/wp-json\/wp\/v2\/pages\/71\/revisions\/222"}],"wp:attachment":[{"href":"https:\/\/pdf-formulare-barrierefrei.de\/wp\/wp-json\/wp\/v2\/media?parent=71"}],"curies":[{"name":"wp","href":"https:\/\/api.w.org\/{rel}","templated":true}]}}